{"id":3,"date":"2025-08-12T06:25:21","date_gmt":"2025-08-12T06:25:21","guid":{"rendered":"http:\/\/pattesetmains.fr\/?page_id=3"},"modified":"2025-08-22T13:00:42","modified_gmt":"2025-08-22T13:00:42","slug":"privacy-policy","status":"publish","type":"page","link":"https:\/\/www.pattesetmains.fr\/index.php\/privacy-policy\/","title":{"rendered":"Privacy Policy"},"content":{"rendered":"\n<p>La politique de Confidentialit\u00e9 et de Cookies est g\u00e9r\u00e9 par iubenda, pour toutes informations relatives \u00e0 ce sujet, vous pouvez vous adresser \u00e0 cette adresse : <strong><em>contact.pattesetmains@gmail.com<\/em><\/strong><\/p>\n","protected":false},"excerpt":{"rendered":"<p>La politique de Confidentialit\u00e9 et de Cookies est g\u00e9r\u00e9 par iubenda, pour toutes informations relatives \u00e0 ce sujet, vous pouvez vous adresser \u00e0 cette adresse : contact.pattesetmains@gmail.com<\/p>\n","protected":false},"author":1,"featured_media":0,"parent":0,"menu_order":0,"comment_status":"closed","ping_status":"closed","template":"","meta":{"footnotes":""},"class_list":["post-3","page","type-page","status-publish","hentry"],"_links":{"self":[{"href":"https:\/\/www.pattesetmains.fr\/index.php\/wp-json\/wp\/v2\/pages\/3","targetHints":{"allow":["GET"]}}],"collection":[{"href":"https:\/\/www.pattesetmains.fr\/index.php\/wp-json\/wp\/v2\/pages"}],"about":[{"href":"https:\/\/www.pattesetmains.fr\/index.php\/wp-json\/wp\/v2\/types\/page"}],"author":[{"embeddable":true,"href":"https:\/\/www.pattesetmains.fr\/index.php\/wp-json\/wp\/v2\/users\/1"}],"replies":[{"embeddable":true,"href":"https:\/\/www.pattesetmains.fr\/index.php\/wp-json\/wp\/v2\/comments?post=3"}],"version-history":[{"count":4,"href":"https:\/\/www.pattesetmains.fr\/index.php\/wp-json\/wp\/v2\/pages\/3\/revisions"}],"predecessor-version":[{"id":380,"href":"https:\/\/www.pattesetmains.fr\/index.php\/wp-json\/wp\/v2\/pages\/3\/revisions\/380"}],"wp:attachment":[{"href":"https:\/\/www.pattesetmains.fr\/index.php\/wp-json\/wp\/v2\/media?parent=3"}],"curies":[{"name":"wp","href":"https:\/\/api.w.org\/{rel}","templated":true}]}}